{"id":76,"date":"2020-04-10T14:03:05","date_gmt":"2020-04-10T14:03:05","guid":{"rendered":"https:\/\/www.gonzalochillida.com\/?page_id=76"},"modified":"2020-10-26T22:24:38","modified_gmt":"2020-10-26T22:24:38","slug":"museos-y-colecciones","status":"publish","type":"page","link":"https:\/\/gonzalochillida.com\/es\/biografia\/museos-y-colecciones\/","title":{"rendered":"Museos y colecciones"},"content":{"rendered":"<ul>\n<li>ARTIUM. Centro-Museo Vasco de Arte Contempor\u00e1neo, Vitoria-Gasteiz.<\/li>\n<li>Ayuntamiento de Donostia-San Sebasti\u00e1n.<\/li>\n<li>British Museum, Londres.<\/li>\n<li>Centro Andaluz de Arte Contempor\u00e1neo, Sevilla.<\/li>\n<li>Colecci\u00f3n Bankinter, Donostia-San Sebasti\u00e1n.<\/li>\n<li>Colecci\u00f3n BBVA, Bilbao, Madrid.<\/li>\n<li>Colecci\u00f3n La B\u00e2loise, Basilea.<\/li>\n<li>Col\u00b7lecci\u00f3 Testimoni. Fundaci\u00f3 La Caixa, Barcelona.<\/li>\n<li>Diputaci\u00f3n Foral de Guip\u00fazcoa.<\/li>\n<li>Fundaci\u00f3n Juan March, Madrid.<\/li>\n<li>IVAM. Instituto Valenciano de Arte Moderno, Centre Julio Gonz\u00e1lez, Valencia.<\/li>\n<li>Museo de Arte Contempor\u00e1neo, Lanzarote.<\/li>\n<li>Museo de Bellas Artes, Bilbao.<\/li>\n<li>Museo Casa de la Asegurada, <em>Colecci\u00f3n Arte del Siglo XX<\/em>, Alicante.<\/li>\n<li>Museo San Telmo, Donostia-San Sebasti\u00e1n.<\/li>\n<\/ul>\n","protected":false},"excerpt":{"rendered":"<p>ARTIUM. Centro-Museo Vasco de Arte Contempor\u00e1neo, Vitoria-Gasteiz. Ayuntamiento de Donostia-San Sebasti\u00e1n. British Museum, Londres. Centro Andaluz de Arte Contempor\u00e1neo, Sevilla. Colecci\u00f3n Bankinter, Donostia-San Sebasti\u00e1n. Colecci\u00f3n BBVA, Bilbao, Madrid. Colecci\u00f3n La B\u00e2loise, Basilea. Col\u00b7lecci\u00f3 Testimoni. Fundaci\u00f3 La Caixa, Barcelona. Diputaci\u00f3n Foral de Guip\u00fazcoa. Fundaci\u00f3n Juan March, Madrid. IVAM. Instituto Valenciano de Arte Moderno, Centre Julio Gonz\u00e1lez, [&hellip;]<\/p>\n","protected":false},"author":1,"featured_media":82,"parent":10,"menu_order":44,"comment_status":"closed","ping_status":"closed","template":"","meta":{"_monsterinsights_skip_tracking":false,"_monsterinsights_sitenote_active":false,"_monsterinsights_sitenote_note":"","_monsterinsights_sitenote_category":0,"footnotes":""},"class_list":["post-76","page","type-page","status-publish","has-post-thumbnail","hentry"],"_links":{"self":[{"href":"https:\/\/gonzalochillida.com\/es\/wp-json\/wp\/v2\/pages\/76","targetHints":{"allow":["GET"]}}],"collection":[{"href":"https:\/\/gonzalochillida.com\/es\/wp-json\/wp\/v2\/pages"}],"about":[{"href":"https:\/\/gonzalochillida.com\/es\/wp-json\/wp\/v2\/types\/page"}],"author":[{"embeddable":true,"href":"https:\/\/gonzalochillida.com\/es\/wp-json\/wp\/v2\/users\/1"}],"replies":[{"embeddable":true,"href":"https:\/\/gonzalochillida.com\/es\/wp-json\/wp\/v2\/comments?post=76"}],"version-history":[{"count":3,"href":"https:\/\/gonzalochillida.com\/es\/wp-json\/wp\/v2\/pages\/76\/revisions"}],"predecessor-version":[{"id":4129,"href":"https:\/\/gonzalochillida.com\/es\/wp-json\/wp\/v2\/pages\/76\/revisions\/4129"}],"up":[{"embeddable":true,"href":"https:\/\/gonzalochillida.com\/es\/wp-json\/wp\/v2\/pages\/10"}],"wp:featuredmedia":[{"embeddable":true,"href":"https:\/\/gonzalochillida.com\/es\/wp-json\/wp\/v2\/media\/82"}],"wp:attachment":[{"href":"https:\/\/gonzalochillida.com\/es\/wp-json\/wp\/v2\/media?parent=76"}],"curies":[{"name":"wp","href":"https:\/\/api.w.org\/{rel}","templated":true}]}}