{"id":74,"date":"2020-04-10T14:02:35","date_gmt":"2020-04-10T14:02:35","guid":{"rendered":"https:\/\/www.gonzalochillida.com\/?page_id=74"},"modified":"2025-05-08T09:44:35","modified_gmt":"2025-05-08T09:44:35","slug":"exposiciones-colectivas-seleccion","status":"publish","type":"page","link":"https:\/\/gonzalochillida.com\/es\/biografia\/exposiciones-colectivas-seleccion\/","title":{"rendered":"Exposiciones colectivas (Selecci\u00f3n)"},"content":{"rendered":"<table class=\"fechas\">\n<tbody>\n<tr>\n<td>2024<\/td>\n<td><em>\u201cEl peque\u00f1o museo m\u00e1s bello del mundo\u201d.<\/em> Fundaci\u00f3n Juan March, Madrid. 26 abril-30 junio.<\/td>\n<\/tr>\n<tr>\n<td>2023<\/td>\n<td><em>Oceana. Una visi\u00f3n del mar en la Colecci\u00f3n BBVA.<\/em> Palacio de San Nicol\u00e1s, Bilbao, 6 julio-17 septiembre.<br \/>\n<em>Atm\u00f3sferas emocionales.<\/em> Arteko Gallery, Donostia-San Sebasti\u00e1n, 10 junio-12 agosto.<\/td>\n<\/tr>\n<tr>\n<td>2022<\/td>\n<td><em>Arte y espiritualidad. Imaginar lo extraordinario.<\/em> Colecci\u00f3n BBVA. Pabell\u00f3n Villanueva, Real Jard\u00edn Bot\u00e1nico, Madrid. 08 septiembre-23 octubre.<br \/>\nPa\u00eds Vasco Arte 1950-1980. Galer\u00eda Jos\u00e9 de la Mano, Madrid. ARCO Madrid, 23-27<br \/>\nfebrero.<br \/>\n<em>Un ojo transitivo. El proyecto del Cine Club Irun. <\/em>Exposici\u00f3n integrada dentro del proyecto expositivo <em>Un sitio para pensar. Escuelas y pr\u00e1cticas educativas experimentales de arte en el Pa\u00eds Vasco, 1957-1979. <\/em>Coproducci\u00f3n: Fundaci\u00f3n Museo Jorge Oteiza\/ Artium Museoa. Museo Jorge Oteiza, 26 enero-24 abril.<\/td>\n<\/tr>\n<tr>\n<td>2014<\/td>\n<td><em>Ante el horizonte<\/em>, Fundaci\u00f3n Joan Mir\u00f3, Barcelona.<\/td>\n<\/tr>\n<tr>\n<td>2007<\/td>\n<td><em>A\u00fan aprendo, <\/em>Museo Esteban Vicente, Segovia.<br \/>\n<em>Donostia, itsas hiria\/ San Sebasti\u00e1n, ciudad mar\u00edtima.<\/em> Museo Naval-Untzi Museoa, Donostia-San Sebasti\u00e1n.<br \/>\n<em>Artistas vascos: colecci\u00f3n Museo de Bellas Artes de Bilbao, <\/em>Bilbao.<\/td>\n<\/tr>\n<tr>\n<td>2006<\/td>\n<td><em>Homenaje a Eduardo Chillida<\/em>. Museo Guggenheim, Bilbao.<\/td>\n<\/tr>\n<tr>\n<td>2005<\/td>\n<td><em>Obras maestras del s. XX en las colecciones del IVAM,<\/em> Museo Esteban Vicente, Segovia.<\/td>\n<\/tr>\n<tr>\n<td>2004<\/td>\n<td><em>La po\u00e9tica de Cuenca<\/em>. 1964-2004, Centro Cultural de la Villa, Madrid.<\/td>\n<\/tr>\n<tr>\n<td>1999<\/td>\n<td><em>Adquisiciones del patrimonio art\u00edstico Kutxa 1997-1998, <\/em>Donostia-San Sebasti\u00e1n.<\/td>\n<\/tr>\n<tr>\n<td>1996<\/td>\n<td><em>Col\u00b7lecci\u00f3 Juan Antonio Aguirre a l&#8217;IVAM, <\/em>IVAM Centre Julio Gonz\u00e1lez, Valencia.<\/td>\n<\/tr>\n<tr>\n<td>1992<\/td>\n<td><em>Col\u00b7lecci\u00f3 Testimoni 91-92, <\/em>Fundaci\u00f3 La Caixa, Barcelona.<\/td>\n<\/tr>\n<tr>\n<td>1990<\/td>\n<td><em>Fundaci\u00f3n Engelmajer, <\/em>Caja de Ahorros Municipal, Bilbao.<\/td>\n<\/tr>\n<tr>\n<td>1989<\/td>\n<td><em>40 Aniversario de la Asociaci\u00f3n Art\u00edstica Guipuzcoana,<\/em> Museo San Telmo, Donostia-San Sebasti\u00e1n.<\/td>\n<\/tr>\n<tr>\n<td>1988<\/td>\n<td><em>Homenaje al escultor Jorge Oteiza,<\/em> Museo San Telmo, Donostia-San Sebasti\u00e1n.<\/td>\n<\/tr>\n<tr>\n<td>1987<\/td>\n<td><em> Dibujos,<\/em> N\u00e9stor Basterrechea, Gonzalo Chillida, Juan Antonio Sistiaga, Jos\u00e9 Luis Zumeta. Galer\u00eda Altxerri, Donostia-San Sebasti\u00e1n.<br \/>\n<em>Guernica 37-87,<\/em> Instituto de Guernica, Guernica.<\/td>\n<\/tr>\n<tr>\n<td>1986<\/td>\n<td><em>Artistas Vascos Pro-campa\u00f1a contra el hambre,<\/em> Aula de Cultura del Banco de Bilbao, Bilbao.<br \/>\nARCO 86, Madrid.\u00a0 Representado en la Galer\u00eda Altxerri de Donostia-San Sebasti\u00e1n.<br \/>\n<em>Nueve pintores vascos,<\/em> Aachen Gallery, Madrid.<\/td>\n<\/tr>\n<tr>\n<td>1985<\/td>\n<td><em>Primera Bienal de San Sebasti\u00e1n,<\/em> &#8211; Menci\u00f3n especial- , Museo San Telmo, Donostia-San Sebasti\u00e1n.<br \/>\n<em>La Monta\u00f1a y su entorno,<\/em> Museo San Telmo, Donostia-San Sebasti\u00e1n.<br \/>\n<em>Homenaje a Juana Mord\u00f3,<\/em> C\u00edrculo de Bellas Artes, Madrid.<br \/>\n<em>Pintura Vasca contempor\u00e1nea 1910-85,<\/em> Sala de Exposiciones de la Caja de Ahorros Provincial, Donostia-San Sebasti\u00e1n.<br \/>\n<em>Muestra de Pintura de Guip\u00fazcoa<\/em>, Tolosa.<\/td>\n<\/tr>\n<tr>\n<td>1984<\/td>\n<td><em> Pintura Guipuzcoana,<\/em> Sala Alta, Cuenca.<br \/>\n<em>Aniversario,<\/em> Galer\u00eda Echeverr\u00eda, Donostia-San Sebasti\u00e1n.<br \/>\n<em>Peque\u00f1o formato,<\/em> Sala Cellini, Madrid.<\/td>\n<\/tr>\n<tr>\n<td>1983<\/td>\n<td>Galer\u00eda Arte, Donostia-San Sebasti\u00e1n.<br \/>\nGaler\u00eda Altxerri, Donostia-San Sebasti\u00e1n.<br \/>\n<em>Exposici\u00f3n Amnesty International<\/em>, Donostia-San Sebasti\u00e1n.<br \/>\n<em>Autorretratos,<\/em> Galer\u00eda Windsor, Bilbao.<br \/>\nFeria de Arte Contempor\u00e1neo <em>Arteder<\/em>, artista presentado por Taller Calcogr\u00e1fico Hatz, Bilbao.<br \/>\n<em>Homenaje al poeta Lizardi,<\/em> Palacio de Sanz-Enea, Zarauz.<br \/>\n<em>Autorretratos,<\/em> Museo Provincial de \u00c1lava, Donostia-San Sebasti\u00e1n.<br \/>\n<em>Navidad 83,<\/em> Galer\u00eda Ederti, Bilbao.<\/td>\n<\/tr>\n<tr>\n<td>1982<\/td>\n<td><em>La Naturaleza en el Arte<\/em>. Galer\u00eda Windsor, Bilbao.<br \/>\n<em>La Pintura Vasca: precursores y la generaci\u00f3n intermedia,<\/em> Palacio de Iturbide, Ciudad de M\u00e9xico.<\/td>\n<\/tr>\n<tr>\n<td>1981<\/td>\n<td>Feria de Arte Contempor\u00e1neo Arteder -81, Bilbao.<br \/>\n<em>Panorama 81<\/em>. Galer\u00eda Theo, Madrid.<\/td>\n<\/tr>\n<tr>\n<td>1980<\/td>\n<td><em>El Mar,<\/em> Galer\u00eda Arte, Donostia-San Sebasti\u00e1n.<br \/>\nMuseo de Bellas Artes, Caracas.<br \/>\nMuseo de Bellas Artes de Monterrey, M\u00e9jico D.F.<br \/>\n<em>Paisajistas Guipuzcoanos,<\/em> Excma. Diputaci\u00f3n Provincial de Guip\u00fazcoa, Donostia-San Sebasti\u00e1n.<br \/>\n<em>La Trama del Arte Vasco,<\/em> Museo de Bellas Artes, Bilbao.<br \/>\n<em>Paisajistas Guipuzcoanos,<\/em> Caja de Ahorros Provincial de Guip\u00fazcoa, Donostia-San Sebasti\u00e1n.<br \/>\nCruz Roja Espa\u00f1ola, <em>Pintores y Escultores Espa\u00f1oles por los Derechos Humanos,<\/em> Sala Ti\u00e9polo, Madrid.<\/td>\n<\/tr>\n<tr>\n<td>1979<\/td>\n<td><em>La Naturaleza en la Pintura Vasca,<\/em> Galer\u00eda Kandinsky, Madrid.<br \/>\n<em>Peque\u00f1o formato internacional,<\/em> Galer\u00eda Theo, Madrid.<br \/>\n<em>Proyecto para una colecci\u00f3n,<\/em> Galer\u00eda Theo, Madrid.<br \/>\n<em>Panorama 79,<\/em> Galer\u00eda Theo, Valencia.<\/td>\n<\/tr>\n<tr>\n<td>1978<\/td>\n<td><em> I Sal\u00f3n de Verano,<\/em> Galer\u00eda Echeberr\u00eda-2, Donostia-San Sebasti\u00e1n.<br \/>\n<em>Panorama 78,<\/em> Galer\u00eda Theo, Madrid.<br \/>\n<em>Exposici\u00f3n de Artistas Guipuzcoanos<\/em> (itinerante), Excma. Diputaci\u00f3n Provincial de Guip\u00fazcoa, Donostia-San Sebasti\u00e1n.<br \/>\n<em>Euzkadi Margolaritzan,<\/em> Art Centrum, Praga.<br \/>\n<em>Euzkadi Margolaritzan,<\/em> Museo Universidad, Varsovia.<br \/>\n<em>Exposici\u00f3n Homenaje a Joan Mir\u00f3 en su 85 aniversario<\/em>, Palma de Mallorca.<\/td>\n<\/tr>\n<tr>\n<td>1977<\/td>\n<td><em>I Certamen Internacional de Arte Contempor\u00e1neo,<\/em> Castillo de San Jos\u00e9, Lanzarote.<\/td>\n<\/tr>\n<tr>\n<td>1976<\/td>\n<td><em>Homenaje al poeta Bilintx,<\/em> Sala de Exposiciones de la Caja de Ahorros de Donostia-San Sebasti\u00e1n.<br \/>\n<em>Homenaje a Jes\u00fas Olasagasti,<\/em> Galer\u00eda Echeberr\u00cda-2, Donostia-San Sebasti\u00e1n.<br \/>\n<em>El mar, la costa, sus hombres,<\/em> Galer\u00eda El Pez, Donostia-San Sebasti\u00e1n.<\/td>\n<\/tr>\n<tr>\n<td>1975<\/td>\n<td><em>Pintores y escultores vascos contempor\u00e1neos,<\/em> Galer\u00eda Echeberr\u00eda-2, Donostia-San Sebasti\u00e1n.<\/td>\n<\/tr>\n<tr>\n<td>1972<\/td>\n<td><em>Encuentros. Arte Vasco actual,<\/em> Museo de Navarra, Pamplona.<br \/>\n<em>Pintores Vascos de hoy,<\/em> Galer\u00eda Gavar, Madrid.<br \/>\n<em>Exposici\u00f3n Homenaje a Joan Mir\u00f3 en su 80 aniversario,<\/em> Sala Gaspar, Barcelona.<\/td>\n<\/tr>\n<tr>\n<td>1971<\/td>\n<td><em>El paisaje en la pintura espa\u00f1ola contempor\u00e1nea,<\/em> Fundaci\u00f3n Calouste Gulbenkian, Lisboa.<\/td>\n<\/tr>\n<tr>\n<td>1969<\/td>\n<td>XII Festival Due Mundi, Palazzo Collicole, Spoleto.<\/td>\n<\/tr>\n<tr>\n<td>1968<\/td>\n<td><em>Peque\u00f1o Formato,<\/em> Galer\u00eda de Arte La Pasarela, Sevilla.<\/td>\n<\/tr>\n<tr>\n<td>1967<\/td>\n<td><em>24 Abstractos,<\/em> Colegio Mayor Guadaira, Sevilla.<br \/>\n<em>Man-67,<\/em> Sala Municipal de Exposiciones, Barcelona.<\/td>\n<\/tr>\n<tr>\n<td>1965<\/td>\n<td><em>Peque\u00f1o Formato,<\/em> Galer\u00eda Edurne, Madrid.<\/td>\n<\/tr>\n<tr>\n<td>1962<\/td>\n<td><em>XI Certamen de Navidad,<\/em> Salas Municipales de Arte, Donostia-San Sebasti\u00e1n.<\/td>\n<\/tr>\n<tr>\n<td>1961<\/td>\n<td><em>Exposici\u00f3n de Arte Actual,<\/em> Museo San Telmo, Donostia-San Sebasti\u00e1n.<\/td>\n<\/tr>\n<tr>\n<td>1959<\/td>\n<td><em>Homenaje a Ricardo Baroja,<\/em> VII Exposici\u00f3n Artistas Vascos. Salas Municipales de Arte, Donostia-San Sebasti\u00e1n.<\/td>\n<\/tr>\n<tr>\n<td>1955<\/td>\n<td>Academia de Espa\u00f1a, Roma.<\/td>\n<\/tr>\n<\/tbody>\n<\/table>\n","protected":false},"excerpt":{"rendered":"<p>2024 \u201cEl peque\u00f1o museo m\u00e1s bello del mundo\u201d. Fundaci\u00f3n Juan March, Madrid. 26 abril-30 junio. 2023 Oceana. Una visi\u00f3n del mar en la Colecci\u00f3n BBVA. Palacio de San Nicol\u00e1s, Bilbao, 6 julio-17 septiembre. Atm\u00f3sferas emocionales. Arteko Gallery, Donostia-San Sebasti\u00e1n, 10 junio-12 agosto. 2022 Arte y espiritualidad. Imaginar lo extraordinario. Colecci\u00f3n BBVA. Pabell\u00f3n Villanueva, Real Jard\u00edn [&hellip;]<\/p>\n","protected":false},"author":1,"featured_media":81,"parent":10,"menu_order":42,"comment_status":"closed","ping_status":"closed","template":"","meta":{"_monsterinsights_skip_tracking":false,"_monsterinsights_sitenote_active":false,"_monsterinsights_sitenote_note":"","_monsterinsights_sitenote_category":0,"footnotes":""},"class_list":["post-74","page","type-page","status-publish","has-post-thumbnail","hentry"],"_links":{"self":[{"href":"https:\/\/gonzalochillida.com\/es\/wp-json\/wp\/v2\/pages\/74","targetHints":{"allow":["GET"]}}],"collection":[{"href":"https:\/\/gonzalochillida.com\/es\/wp-json\/wp\/v2\/pages"}],"about":[{"href":"https:\/\/gonzalochillida.com\/es\/wp-json\/wp\/v2\/types\/page"}],"author":[{"embeddable":true,"href":"https:\/\/gonzalochillida.com\/es\/wp-json\/wp\/v2\/users\/1"}],"replies":[{"embeddable":true,"href":"https:\/\/gonzalochillida.com\/es\/wp-json\/wp\/v2\/comments?post=74"}],"version-history":[{"count":30,"href":"https:\/\/gonzalochillida.com\/es\/wp-json\/wp\/v2\/pages\/74\/revisions"}],"predecessor-version":[{"id":4943,"href":"https:\/\/gonzalochillida.com\/es\/wp-json\/wp\/v2\/pages\/74\/revisions\/4943"}],"up":[{"embeddable":true,"href":"https:\/\/gonzalochillida.com\/es\/wp-json\/wp\/v2\/pages\/10"}],"wp:featuredmedia":[{"embeddable":true,"href":"https:\/\/gonzalochillida.com\/es\/wp-json\/wp\/v2\/media\/81"}],"wp:attachment":[{"href":"https:\/\/gonzalochillida.com\/es\/wp-json\/wp\/v2\/media?parent=74"}],"curies":[{"name":"wp","href":"https:\/\/api.w.org\/{rel}","templated":true}]}}