{"id":72,"date":"2020-04-10T14:01:51","date_gmt":"2020-04-10T14:01:51","guid":{"rendered":"https:\/\/www.gonzalochillida.com\/?page_id=72"},"modified":"2025-05-15T10:18:05","modified_gmt":"2025-05-15T10:18:05","slug":"exposiciones-individuales","status":"publish","type":"page","link":"https:\/\/gonzalochillida.com\/es\/biografia\/exposiciones-individuales\/","title":{"rendered":"Exposiciones individuales"},"content":{"rendered":"<table class=\"fechas\">\n<tbody>\n<tr>\n<td>2022<\/td>\n<td><em>Gonzalo Chillida<\/em>, Instituto Cervantes Tokio. 29 noviembre 2022-28 febrero 2023.<br \/>\n<em>Gonzalo Chillida<\/em>, Instituto Cervantes Roma. 19 marzo-09 junio 2022.<\/td>\n<\/tr>\n<tr>\n<td>2021<\/td>\n<td><em>Gonzalo Chillida, <\/em>Instituto Cervantes Par\u00eds. 09 noviembre 2021-28 febrero 2022.<em><br \/>\n<\/em>Stand individual. Galer\u00eda Jos\u00e9 de la Mano, Madrid. 29 Feria Internacional de Arte Contempor\u00e1neo. Santander, 24-28 julio.<br \/>\nVer [Gonzalo Chillida en los cincuenta] y no dejarse ver. Galer\u00eda Jos\u00e9 de la Mano, Madrid. 22 abril-5 junio.<\/td>\n<\/tr>\n<tr>\n<td>2017<\/td>\n<td><em>Gonzalo Chillida, <\/em>MIAC, Lanzarote.<\/td>\n<\/tr>\n<tr>\n<td>2016<\/td>\n<td><em>Gonzalo Chillida, <\/em>Sala Kubo Kutxa Aretoa, Donostia-San Sebasti\u00e1n.<\/td>\n<\/tr>\n<tr>\n<td>2014<\/td>\n<td><em>Gonzalo Chillida \u2013 Fotograf\u00eda<\/em>, Galer\u00eda Cay\u00f3n, Madrid<\/td>\n<\/tr>\n<tr>\n<td>2013<\/td>\n<td>Sala Ganbara, Koldo Mitxelena Kulturunea-KM, Donostia-San Sebasti\u00e1n.<\/td>\n<\/tr>\n<tr>\n<td>2009<\/td>\n<td>Galer\u00eda Ekain. Obra Gr\u00e1fica, Donostia-San Sebasti\u00e1n.<\/td>\n<\/tr>\n<tr>\n<td>1997<\/td>\n<td>Galer\u00eda DV, Donostia-San Sebasti\u00e1n.<\/td>\n<\/tr>\n<tr>\n<td>1996<\/td>\n<td>Galer\u00eda Cynthia Bourne, Londres.<\/td>\n<\/tr>\n<tr>\n<td>1994<\/td>\n<td>Galer\u00eda Elvira Gonz\u00e1lez, Madrid.<\/td>\n<\/tr>\n<tr>\n<td>1993<\/td>\n<td>Galer\u00eda L. Ugarabe, Vitoria-Gasteiz.<\/td>\n<\/tr>\n<tr>\n<td>1992<\/td>\n<td>Galer\u00eda Altxerri, Donostia-San Sebasti\u00e1n.<\/td>\n<\/tr>\n<tr>\n<td>1991<\/td>\n<td>Galer\u00eda SEN, Madrid.<\/td>\n<\/tr>\n<tr>\n<td>1990<\/td>\n<td>Museo de Bellas Artes, Bilbao.<br \/>\nGaler\u00eda Ferm\u00edn Echauri, Pamplona.<\/td>\n<\/tr>\n<tr>\n<td>1981<\/td>\n<td>Feria de Arte Contempor\u00e1neo <em>Arteder\u201381<\/em>, Bilbao. Artista presentado por la Galer\u00eda Theo de Madrid.<\/td>\n<\/tr>\n<tr>\n<td>1980<\/td>\n<td>Galer\u00eda Parke 15, Pamplona.<br \/>\nGaler\u00eda Alga, Donostia-San Sebasti\u00e1n.<\/td>\n<\/tr>\n<tr>\n<td>1979<\/td>\n<td>Galer\u00eda Theo, Madrid.<br \/>\nGaler\u00eda Ederti, Bilbao.<\/td>\n<\/tr>\n<tr>\n<td>1974<\/td>\n<td>Galer\u00eda El Pez, Donostia-San Sebasti\u00e1n.<\/td>\n<\/tr>\n<tr>\n<td>1971<\/td>\n<td>Galer\u00eda Ikuska, Donostia-San Sebasti\u00e1n.<\/td>\n<\/tr>\n<tr>\n<td>1970<\/td>\n<td>Galer\u00eda SEN presenta <em>El Libro del Nuevo Mar<\/em>, de Juan Ram\u00f3n Jim\u00e9nez, ilustrado con once litograf\u00edas de Gonzalo Chillida, presentado por Juli\u00e1n Mar\u00edas y editado por Rafael D\u00edaz Casariego, con prefacio de Rafael P\u00e9rez Delgado, Madrid.<\/td>\n<\/tr>\n<tr>\n<td>1967<\/td>\n<td>Galer\u00eda SEN, Madrid.<\/td>\n<\/tr>\n<tr>\n<td>1965<\/td>\n<td>Galer\u00eda Juana Mord\u00f3, Madrid.<br \/>\nGaler\u00eda Grises, Bilbao.<\/td>\n<\/tr>\n<tr>\n<td>1962<\/td>\n<td>Sala de Exposiciones del Excmo. Ayuntamiento de Donostia-San Sebasti\u00e1n.<\/td>\n<\/tr>\n<\/tbody>\n<\/table>\n","protected":false},"excerpt":{"rendered":"<p>2022 Gonzalo Chillida, Instituto Cervantes Tokio. 29 noviembre 2022-28 febrero 2023. Gonzalo Chillida, Instituto Cervantes Roma. 19 marzo-09 junio 2022. 2021 Gonzalo Chillida, Instituto Cervantes Par\u00eds. 09 noviembre 2021-28 febrero 2022. Stand individual. Galer\u00eda Jos\u00e9 de la Mano, Madrid. 29 Feria Internacional de Arte Contempor\u00e1neo. Santander, 24-28 julio. Ver [Gonzalo Chillida en los cincuenta] y [&hellip;]<\/p>\n","protected":false},"author":1,"featured_media":80,"parent":10,"menu_order":40,"comment_status":"closed","ping_status":"closed","template":"","meta":{"_monsterinsights_skip_tracking":false,"_monsterinsights_sitenote_active":false,"_monsterinsights_sitenote_note":"","_monsterinsights_sitenote_category":0,"footnotes":""},"class_list":["post-72","page","type-page","status-publish","has-post-thumbnail","hentry"],"_links":{"self":[{"href":"https:\/\/gonzalochillida.com\/es\/wp-json\/wp\/v2\/pages\/72","targetHints":{"allow":["GET"]}}],"collection":[{"href":"https:\/\/gonzalochillida.com\/es\/wp-json\/wp\/v2\/pages"}],"about":[{"href":"https:\/\/gonzalochillida.com\/es\/wp-json\/wp\/v2\/types\/page"}],"author":[{"embeddable":true,"href":"https:\/\/gonzalochillida.com\/es\/wp-json\/wp\/v2\/users\/1"}],"replies":[{"embeddable":true,"href":"https:\/\/gonzalochillida.com\/es\/wp-json\/wp\/v2\/comments?post=72"}],"version-history":[{"count":43,"href":"https:\/\/gonzalochillida.com\/es\/wp-json\/wp\/v2\/pages\/72\/revisions"}],"predecessor-version":[{"id":4953,"href":"https:\/\/gonzalochillida.com\/es\/wp-json\/wp\/v2\/pages\/72\/revisions\/4953"}],"up":[{"embeddable":true,"href":"https:\/\/gonzalochillida.com\/es\/wp-json\/wp\/v2\/pages\/10"}],"wp:featuredmedia":[{"embeddable":true,"href":"https:\/\/gonzalochillida.com\/es\/wp-json\/wp\/v2\/media\/80"}],"wp:attachment":[{"href":"https:\/\/gonzalochillida.com\/es\/wp-json\/wp\/v2\/media?parent=72"}],"curies":[{"name":"wp","href":"https:\/\/api.w.org\/{rel}","templated":true}]}}