{"id":3655,"date":"2020-10-16T14:33:05","date_gmt":"2020-10-16T14:33:05","guid":{"rendered":"https:\/\/www.gonzalochillida.com\/aviso-legal\/"},"modified":"2020-11-04T12:11:40","modified_gmt":"2020-11-04T12:11:40","slug":"aviso-legal","status":"publish","type":"page","link":"https:\/\/gonzalochillida.com\/es\/aviso-legal\/","title":{"rendered":"Aviso legal"},"content":{"rendered":"<div class=\"page\" title=\"Page 1\">\n<div class=\"layoutArea\">\n<div class=\"column\">\n<p>Gonzalochillida.com, provisto con NIF\/CIF ___________________, direcci\u00f3n ________________________________________, no puede asumir ninguna responsabilidad derivada del uso incorrecto, inapropiado o il\u00edcito de la informaci\u00f3n aparecida en la p\u00e1gina de Internet de www.gonzalochillida.com, en adelante \u00abesta web\u00bb.<\/p>\n<p>Con los l\u00edmites establecidos en la ley, esta web no asume ninguna responsabilidad derivada de la falta de veracidad, integridad, actualizaci\u00f3n y precisi\u00f3n de los datos o informaciones que se contienen en sus p\u00e1ginas de Internet.<\/p>\n<p>Los contenidos e informaci\u00f3n no vinculan a esta web ni constituyen opiniones, consejos o asesoramiento legal de ning\u00fan tipo pues se trata meramente de un servicio ofrecido con car\u00e1cter informativo y divulgativo.<\/p>\n<p>La p\u00e1gina de Internet de www.gonzalochillida.com puede contener enlaces (links) a otras p\u00e1ginas de terceras partes que esta web no puede controlar. Por lo tanto, esta web no puede asumir responsabilidades por el contenido que pueda aparecer en p\u00e1ginas de terceros.<\/p>\n<p>Los textos, im\u00e1genes, sonidos, animaciones, software y el resto de contenidos incluidos en este website son propiedad exclusiva de esta web o sus licenciantes. Cualquier acto de transmisi\u00f3n, distribuci\u00f3n, cesi\u00f3n, reproducci\u00f3n, almacenamiento o comunicaci\u00f3n p\u00fablica total o parcial, debe contar con el consentimiento expreso de esta web<\/p>\n<p>Asimismo, para acceder a algunos de los servicios que esta web ofrece a trav\u00e9s del website deber\u00e1 proporcionar algunos datos de car\u00e1cter personal. En cumplimiento de lo establecido en el Reglamento (UE) 2016\/679 del Parlamento Europeo y del Consejo, de 27 de abril de 2016, relativo a la protecci\u00f3n de las personas f\u00edsicas en lo que respecta al tratamiento de datos personales y a la libre circulaci\u00f3n de estos datos le informamos que, mediante la cumplimentaci\u00f3n de los presentes formularios, sus datos personales quedar\u00e1n incorporados y ser\u00e1n tratados en los ficheros de esta web con el fin de poderle prestar y ofrecer nuestros servicios as\u00ed como para informarle de las mejoras del sitio Web. Asimismo, le informamos de la posibilidad de que ejerza los derechos de acceso, rectificaci\u00f3n, cancelaci\u00f3n y oposici\u00f3n de sus datos de car\u00e1cter personal, manera gratuita mediante email a estudio@gonzalochillida.com o en la direcci\u00f3n __________________________________________<\/p>\n<\/div>\n<\/div>\n<\/div>\n","protected":false},"excerpt":{"rendered":"<p>Gonzalochillida.com, provisto con NIF\/CIF ___________________, direcci\u00f3n ________________________________________, no puede asumir ninguna responsabilidad derivada del uso incorrecto, inapropiado o il\u00edcito de la informaci\u00f3n aparecida en la p\u00e1gina de Internet de www.gonzalochillida.com, en adelante \u00abesta web\u00bb. Con los l\u00edmites establecidos en la ley, esta web no asume ninguna responsabilidad derivada de la falta de veracidad, integridad, actualizaci\u00f3n [&hellip;]<\/p>\n","protected":false},"author":1,"featured_media":0,"parent":0,"menu_order":3,"comment_status":"closed","ping_status":"closed","template":"","meta":{"_monsterinsights_skip_tracking":false,"_monsterinsights_sitenote_active":false,"_monsterinsights_sitenote_note":"","_monsterinsights_sitenote_category":0,"footnotes":""},"class_list":["post-3655","page","type-page","status-publish","hentry"],"_links":{"self":[{"href":"https:\/\/gonzalochillida.com\/es\/wp-json\/wp\/v2\/pages\/3655","targetHints":{"allow":["GET"]}}],"collection":[{"href":"https:\/\/gonzalochillida.com\/es\/wp-json\/wp\/v2\/pages"}],"about":[{"href":"https:\/\/gonzalochillida.com\/es\/wp-json\/wp\/v2\/types\/page"}],"author":[{"embeddable":true,"href":"https:\/\/gonzalochillida.com\/es\/wp-json\/wp\/v2\/users\/1"}],"replies":[{"embeddable":true,"href":"https:\/\/gonzalochillida.com\/es\/wp-json\/wp\/v2\/comments?post=3655"}],"version-history":[{"count":3,"href":"https:\/\/gonzalochillida.com\/es\/wp-json\/wp\/v2\/pages\/3655\/revisions"}],"predecessor-version":[{"id":4348,"href":"https:\/\/gonzalochillida.com\/es\/wp-json\/wp\/v2\/pages\/3655\/revisions\/4348"}],"wp:attachment":[{"href":"https:\/\/gonzalochillida.com\/es\/wp-json\/wp\/v2\/media?parent=3655"}],"curies":[{"name":"wp","href":"https:\/\/api.w.org\/{rel}","templated":true}]}}