{"id":3567,"date":"2020-10-08T14:40:31","date_gmt":"2020-10-08T14:40:31","guid":{"rendered":"https:\/\/www.gonzalochillida.com\/?page_id=3567"},"modified":"2020-11-01T12:40:44","modified_gmt":"2020-11-01T12:40:44","slug":"egunsentian-al-amanecer","status":"publish","type":"page","link":"https:\/\/gonzalochillida.com\/es\/textos\/egunsentian-al-amanecer\/","title":{"rendered":"Egunsentian (al amanecer)"},"content":{"rendered":"<p><strong>Egunsentian (Al amanecer)<\/strong><br \/>\nJose Angel Irigaray<\/p>\n<p>Amanecer en Mugakosoro, descalzos en el roc\u00edo, montes y valles envueltos en nieblas y brumas nos habitan, paisaje del esp\u00edritu, fragancia l\u00fadica, secuencia de colores en la paleta de lo infinito, salen y entran libres en tu pintura.<\/p>\n<p>Paseo por la arena de la playa, ir y venir al borde del mar, encuentro imaginario, conversando en silencio, seducidos por la vida-sue\u00f1o, transidos por el devenir humano, tras los pasos huellas en la arena, a guisa de sombras leales, borradas cada vez por las olas.<\/p>\n<p>Transformas en pintura tus \u00edntimas sensaciones y paradojas, sinfon\u00eda de tonos delicados y bellos; las m\u00edas intentan convertirse en palabra, como en esta conversaci\u00f3n que ahora mantengo contigo, apreciado y cordial amigo. Por eso, evocaci\u00f3n-recuerdo, escribo en la arena egunsentia \u2014amanecer\u2014, borrada por las olas en la marea alta. Pero el h\u00e1lito de vida que atesora permanece a trav\u00e9s del tiempo, en todos los seres y cosas, en cada lugar, libre&#8230; En los brumosos montes y valles del amanecer, en el universo de tus arenas, internas y reproducidas.<br \/>\nFiguraci\u00f3n de arenas, de perfiles monta\u00f1osos en bruma, m\u00e1s reales que la realidad; son los horizontes de tu universo, genuinos autoretratos. Presencia inmanente de la ausencia.<\/p>\n<p>Espacio atemporal, de serenidad, de p\u00e9rdida y re-encuentro con el ser, al ritmo pausado del abrazo entre arena y mar, de las brumas matinales. En \u00e9l, un gui\u00f1o mutuo sortea la angustia, tr\u00e1nsito fugaz, exaltaci\u00f3n y enga\u00f1o, sabiendo que estamos en la trampa-arte atrapados.<br \/>\nY brindamos al sol del crep\u00fasculo. A lo lejos, ecos de la \u00e1gora, de transacciones mercantiles y afines. Al amanecer, egunsentian&#8230;<\/p>\n<p>Arenas primordiales<br \/>\nsurgidas en los m\u00e1rgenes del sue\u00f1o en pugna con el deseo,<br \/>\nfuga y refugio<br \/>\nreposo placentero fortuito<br \/>\nhorizonte de lo infinito,<br \/>\nroc\u00edo al amanecer,<br \/>\nprado de confines bidasotarras, montes y valles envueltos en nieblas aliento vital,<br \/>\ncolores en la paleta de lo infinito que salen y entran en tu pintura,<br \/>\nsensaciones primordiales paisajes interiores singulares emoci\u00f3n del autoretrato m\u00e1rgenes del sentir<br \/>\nen silencio,<br \/>\nmirada, trazo, gesto, duda y equilibrio, serenidad y v\u00e9rtigo,<br \/>\nfrontera de lo oculto y lo expuesto, figuraci\u00f3n de lo indecible abstracci\u00f3n transformada,<br \/>\ncaricia de luz al amanecer<br \/>\nte\u00f1ida de nostalgia en el crep\u00fasculo<br \/>\nen la mirada del \u201cotro\u201d trascendida,<br \/>\narenas que se extienden m\u00e1s alla del cuadro pintura expandida,<br \/>\ninvitaci\u00f3n de aventura vital<br \/>\nbajo la niebla<br \/>\nen el ir y venir de las olas,<br \/>\nhuellas de pasos en el arenal ef\u00edmero,<br \/>\ncautivado por tus arenas<br \/>\ndeambulo en b\u00fasqueda de lo indecible<br \/>\ngesto fugaz y repetido,<br \/>\nen la bajamar escribo unas palabras en la arena, por la pleamar a continuaci\u00f3n borradas,<br \/>\nel h\u00e1lito de vida perdura en el aire<br \/>\na trav\u00e9s del tiempo,<br \/>\n<em>&#8230;e il naufragar m\u2019\u00e8 dolce in questo mare<\/em><br \/>\neco del mar de Leopardi,<br \/>\nen lontananza el surco de un velero.<\/p>\n<p>&nbsp;<\/p>\n<p><em>Gonzalo Chillida. <\/em>Cat\u00e1logo exposici\u00f3n, Sala Kubo Kutxa Aretoa, Donostia San Sebasti\u00e1n, 2016.<\/p>\n","protected":false},"excerpt":{"rendered":"<p>Egunsentian (Al amanecer) Jose Angel Irigaray Amanecer en Mugakosoro, descalzos en el roc\u00edo, montes y valles envueltos en nieblas y brumas nos habitan, paisaje del esp\u00edritu, fragancia l\u00fadica, secuencia de colores en la paleta de lo infinito, salen y entran libres en tu pintura. Paseo por la arena de la playa, ir y venir al [&hellip;]<\/p>\n","protected":false},"author":1,"featured_media":0,"parent":12,"menu_order":0,"comment_status":"closed","ping_status":"closed","template":"","meta":{"_monsterinsights_skip_tracking":false,"_monsterinsights_sitenote_active":false,"_monsterinsights_sitenote_note":"","_monsterinsights_sitenote_category":0,"footnotes":""},"class_list":["post-3567","page","type-page","status-publish","hentry"],"_links":{"self":[{"href":"https:\/\/gonzalochillida.com\/es\/wp-json\/wp\/v2\/pages\/3567","targetHints":{"allow":["GET"]}}],"collection":[{"href":"https:\/\/gonzalochillida.com\/es\/wp-json\/wp\/v2\/pages"}],"about":[{"href":"https:\/\/gonzalochillida.com\/es\/wp-json\/wp\/v2\/types\/page"}],"author":[{"embeddable":true,"href":"https:\/\/gonzalochillida.com\/es\/wp-json\/wp\/v2\/users\/1"}],"replies":[{"embeddable":true,"href":"https:\/\/gonzalochillida.com\/es\/wp-json\/wp\/v2\/comments?post=3567"}],"version-history":[{"count":9,"href":"https:\/\/gonzalochillida.com\/es\/wp-json\/wp\/v2\/pages\/3567\/revisions"}],"predecessor-version":[{"id":4298,"href":"https:\/\/gonzalochillida.com\/es\/wp-json\/wp\/v2\/pages\/3567\/revisions\/4298"}],"up":[{"embeddable":true,"href":"https:\/\/gonzalochillida.com\/es\/wp-json\/wp\/v2\/pages\/12"}],"wp:attachment":[{"href":"https:\/\/gonzalochillida.com\/es\/wp-json\/wp\/v2\/media?parent=3567"}],"curies":[{"name":"wp","href":"https:\/\/api.w.org\/{rel}","templated":true}]}}