{"id":14,"date":"2020-04-09T21:09:24","date_gmt":"2020-04-09T21:09:24","guid":{"rendered":"https:\/\/www.gonzalochillida.com\/?page_id=14"},"modified":"2020-11-26T09:46:58","modified_gmt":"2020-11-26T09:46:58","slug":"archivo","status":"publish","type":"page","link":"https:\/\/gonzalochillida.com\/es\/archivo\/","title":{"rendered":"Archivo"},"content":{"rendered":"<p>La familia Chillida Ameztoy est\u00e1 llevando a cabo la catalogaci\u00f3n de la obra de Gonzalo Chillida.\u00a0Con el objetivo de completar este trabajo pedimos su colaboraci\u00f3n, poniendo a su disposici\u00f3n el siguiente formulario.<\/p>\n<p><strong>Necesitar\u00e1 completar este sencillo formulario por cada obra a catalogar.<\/strong><\/p>\n<p>Si Vd. posee obra de Gonzalo Chillida, le agradecemos que contacte con nosotros. Podemos facilitarle informaci\u00f3n suplementaria sobre la obra de su propiedad o asesorarle en lo referente a su conservaci\u00f3n-restauraci\u00f3n.\u00a0Su identidad, como la informaci\u00f3n que nos proporcione, ser\u00e1 tratada con absoluta confidencialidad.<\/p>\n<p>&nbsp;<\/p>\n","protected":false},"excerpt":{"rendered":"<p>La familia Chillida Ameztoy est\u00e1 llevando a cabo la catalogaci\u00f3n de la obra de Gonzalo Chillida.\u00a0Con el objetivo de completar este trabajo pedimos su colaboraci\u00f3n, poniendo a su disposici\u00f3n el siguiente formulario. Necesitar\u00e1 completar este sencillo formulario por cada obra a catalogar. Si Vd. posee obra de Gonzalo Chillida, le agradecemos que contacte con nosotros. [&hellip;]<\/p>\n","protected":false},"author":1,"featured_media":3842,"parent":0,"menu_order":1,"comment_status":"closed","ping_status":"closed","template":"page-catalogo.php","meta":{"_monsterinsights_skip_tracking":false,"_monsterinsights_sitenote_active":false,"_monsterinsights_sitenote_note":"","_monsterinsights_sitenote_category":0,"footnotes":""},"class_list":["post-14","page","type-page","status-publish","has-post-thumbnail","hentry"],"_links":{"self":[{"href":"https:\/\/gonzalochillida.com\/es\/wp-json\/wp\/v2\/pages\/14","targetHints":{"allow":["GET"]}}],"collection":[{"href":"https:\/\/gonzalochillida.com\/es\/wp-json\/wp\/v2\/pages"}],"about":[{"href":"https:\/\/gonzalochillida.com\/es\/wp-json\/wp\/v2\/types\/page"}],"author":[{"embeddable":true,"href":"https:\/\/gonzalochillida.com\/es\/wp-json\/wp\/v2\/users\/1"}],"replies":[{"embeddable":true,"href":"https:\/\/gonzalochillida.com\/es\/wp-json\/wp\/v2\/comments?post=14"}],"version-history":[{"count":13,"href":"https:\/\/gonzalochillida.com\/es\/wp-json\/wp\/v2\/pages\/14\/revisions"}],"predecessor-version":[{"id":4636,"href":"https:\/\/gonzalochillida.com\/es\/wp-json\/wp\/v2\/pages\/14\/revisions\/4636"}],"wp:featuredmedia":[{"embeddable":true,"href":"https:\/\/gonzalochillida.com\/es\/wp-json\/wp\/v2\/media\/3842"}],"wp:attachment":[{"href":"https:\/\/gonzalochillida.com\/es\/wp-json\/wp\/v2\/media?parent=14"}],"curies":[{"name":"wp","href":"https:\/\/api.w.org\/{rel}","templated":true}]}}