{"id":12,"date":"2020-04-09T21:09:15","date_gmt":"2020-04-09T21:09:15","guid":{"rendered":"https:\/\/www.gonzalochillida.com\/?page_id=12"},"modified":"2022-12-09T11:12:45","modified_gmt":"2022-12-09T11:12:45","slug":"textos","status":"publish","type":"page","link":"https:\/\/gonzalochillida.com\/es\/textos\/","title":{"rendered":"Textos"},"content":{"rendered":"<p><a href=\"https:\/\/www.gonzalochillida.com\/textos\/la-pintura-de-gonzalo-chillida\/\"> LA PINTURA DE GONZALO CHILLIDA<\/a>, Gabriel Celaya. <em>Gonzalo Chillida,\u00a0<\/em>cat. expo., Galer\u00eda Theo, Madrid, 1979.<\/p>\n<p><a href=\"https:\/\/www.gonzalochillida.com\/textos\/pintar-al-limite\/\">PINTAR AL L\u00cdMITE,<\/a> Francisco Calvo Serraller. <em>Gonzalo Chillida.<\/em> <em>Arenas,\u00a0<\/em>cat. expo., Museo de Bellas Artes de Bilbao, 1990.<\/p>\n<p><a href=\"https:\/\/www.gonzalochillida.com\/textos\/el-mar-de-gonzalo-chillida\/\">EL MAR DE GONZALO CHILLIDA,<\/a> Antonio Saura. <em>Gonzalo Chillida,\u00a0<\/em>cat. expo., Galer\u00eda Elvira Gonz\u00e1lez, Madrid, 1994.<\/p>\n<p><a href=\"https:\/\/www.gonzalochillida.com\/es\/textos\/sin-horizonte-a-proposito-de-la-pintura-de-gonzalo-chillida\/\">SIN HORIZONTE,<\/a> Miguel Zugaza. <em>Gonzalo Chillida.<\/em> <em>Pintura\/Paintings, <\/em>Edici\u00f3n Alicia Chillida, Tf. Editores, Madrid, 2006.<\/p>\n<p><a href=\"https:\/\/www.gonzalochillida.com\/es\/textos\/poemas-escogidos\/\" hreflang=\"es\">POEMAS ESCOGIDOS<\/a>, Joaqu\u00edn Gurruchaga. <em>Gonzalo Chillida.<\/em> <em>Pintura\/Paintings, <\/em>Edici\u00f3n Alicia Chillida, Tf. Editores, Madrid, 2006.<\/p>\n<p><a href=\"https:\/\/www.gonzalochillida.com\/es\/textos\/en-la-intimidad-del-estudio\/\">EN LA INTIMIDAD DEL ESTUDIO<\/a>, Alicia Chillida; Javier Chillida. <em>Gonzalo Chillida,\u00a0<\/em>cat. expo, Edici\u00f3n Koldo Mitxelena Kulturunea \/ Gipuzkoako Foru Aldundia-Diputaci\u00f3n Foral de Gipuzkoa, Donostia-San Sebasti\u00e1n, 2013.<\/p>\n<p><a href=\"https:\/\/www.gonzalochillida.com\/es\/textos\/gonzalo-chillida-un-pintor-de-frontera\/\">GONZALO CHILLIDA, UN PINTOR DE FRONTERA,<\/a> Mikel Lertxundi. <em>Gonzalo Chillida,\u00a0<\/em>cat. expo, Edici\u00f3n Koldo Mitxelena Kulturunea \/ Gipuzkoako Foru Aldundia-Diputaci\u00f3n Foral de Gipuzkoa, Donostia-San Sebasti\u00e1n, 2013.<\/p>\n<p><a href=\"https:\/\/www.gonzalochillida.com\/es\/textos\/bidaia-barea-viaje-silente\/\">BIDAIA BAREA \/ VIAJE SILENTE<\/a>, Miren Agur Meabe. <em>Gonzalo Chillida,\u00a0<\/em>cat. expo., Edici\u00f3n Koldo Mitxelena Kulturunea \/ Gipuzkoako Foru Aldundia-Diputaci\u00f3n Foral de Gipuzkoa, Donostia-San Sebasti\u00e1n, 2013.<\/p>\n<p><a href=\"https:\/\/www.gonzalochillida.com\/es\/textos\/egunsentian-al-amanecer\/\">EGUNSENTIAN (AL AMANECER)<\/a>, Jose Angel Irigaray. <i>Gonzalo Chillida,\u00a0<\/i>cat. expo., Edici\u00f3n Kutxa Fundazioa, Donostia-San Sebasti\u00e1n, 2016.<\/p>\n<p><a href=\"https:\/\/www.gonzalochillida.com\/es\/textos\/espacios-para-la-reflexion\/\">ESPACIOS PARA LA REFLEXI\u00d3N,<\/a> Mikel Lertxundi Galiana. <i>Gonzalo Chillida,<\/i> cat. expo., Edici\u00f3n Kutxa Fundazioa, Donostia-San Sebasti\u00e1n, 2016.<\/p>\n<p><a href=\"https:\/\/www.gonzalochillida.com\/es\/textos\/montanas-y-aguas\/\">MONTA\u00d1AS Y AGUAS<\/a>, Horacio Fern\u00e1ndez. <i>Gonzalo Chillida,<\/i> cat. expo., Edici\u00f3n Kutxa Fundazioa, Donostia-San Sebasti\u00e1n, 2016.<\/p>\n<p><a href=\"https:\/\/www.gonzalochillida.com\/es\/la-idea-del-norte\/\">LA IDEA DEL NORTE<\/a>, Alicia Chillida y Benito Mac\u00edas Cant\u00f3n. <i>Gonzalo Chillida,<\/i> cat. expo., Edici\u00f3n Kutxa Fundazioa, Donostia-San Sebasti\u00e1n, 2016.<\/p>\n<p><a href=\"https:\/\/www.gonzalochillida.com\/wp-content\/uploads\/2021\/06\/Catalogo-Gonzalo-Chillida-1.pdf\">VER [GONZALO CHILLIDA EN LOS CINCUENTA<span class=\"\">]<\/span>\u00a0Y NO DEJARSE VER<\/a>, Alfonso de la Torre. Cat. expo, Edici\u00f3n Galer\u00eda Jos\u00e9 de la Mano, Madrid, 2021.<\/p>\n<p><a href=\"https:\/\/www.gonzalochillida.com\/wp-content\/uploads\/2021\/11\/Catalogo-Gonzalo-Chillida.pdf\">GONZALO CHILLIDA<\/a>, Francisco Calvo Serraller, Gabriel Celaya, Alicia Chillida, Luis Garc\u00eda Montero, Jos\u00e9 \u00c1ngel Irigaray, Irene Larraza Aizpurua, Antonio Saura, Jos\u00e9 Andr\u00e9s Torres Mora, Miguel Zugaza. Cat. expo. Dise\u00f1o: Ena Cardenal de la Nuez. Edici\u00f3n Instituto Cervantes, Acci\u00f3n Cultural Espa\u00f1ola AC\/E, Bilboko Arte Ederren Museoa-Museo de Bellas Artes de Bilbao, Instituto Vasco Etxepare Institutua, 2021.<\/p>\n<p><img loading=\"lazy\" decoding=\"async\" class=\"alignnone wp-image-4873 size-full\" src=\"https:\/\/gonzalochillida.com\/wp-content\/uploads\/2022\/12\/portadas-librosB-2048x598-1-1600x383-1.png\" alt=\"\" width=\"1599\" height=\"701\" srcset=\"https:\/\/gonzalochillida.com\/wp-content\/uploads\/2022\/12\/portadas-librosB-2048x598-1-1600x383-1.png 1599w, https:\/\/gonzalochillida.com\/wp-content\/uploads\/2022\/12\/portadas-librosB-2048x598-1-1600x383-1-1000x438.png 1000w, https:\/\/gonzalochillida.com\/wp-content\/uploads\/2022\/12\/portadas-librosB-2048x598-1-1600x383-1-768x337.png 768w, https:\/\/gonzalochillida.com\/wp-content\/uploads\/2022\/12\/portadas-librosB-2048x598-1-1600x383-1-1536x673.png 1536w, https:\/\/gonzalochillida.com\/wp-content\/uploads\/2022\/12\/portadas-librosB-2048x598-1-1600x383-1-1425x625.png 1425w\" sizes=\"auto, (max-width: 1599px) 100vw, 1599px\" \/><\/p>\n","protected":false},"excerpt":{"rendered":"<p>LA PINTURA DE GONZALO CHILLIDA, Gabriel Celaya. Gonzalo Chillida,\u00a0cat. expo., Galer\u00eda Theo, Madrid, 1979. PINTAR AL L\u00cdMITE, Francisco Calvo Serraller. Gonzalo Chillida. Arenas,\u00a0cat. expo., Museo de Bellas Artes de Bilbao, 1990. EL MAR DE GONZALO CHILLIDA, Antonio Saura. Gonzalo Chillida,\u00a0cat. expo., Galer\u00eda Elvira Gonz\u00e1lez, Madrid, 1994. SIN HORIZONTE, Miguel Zugaza. Gonzalo Chillida. Pintura\/Paintings, Edici\u00f3n Alicia [&hellip;]<\/p>\n","protected":false},"author":1,"featured_media":0,"parent":0,"menu_order":2,"comment_status":"closed","ping_status":"closed","template":"","meta":{"_monsterinsights_skip_tracking":false,"_monsterinsights_sitenote_active":false,"_monsterinsights_sitenote_note":"","_monsterinsights_sitenote_category":0,"footnotes":""},"class_list":["post-12","page","type-page","status-publish","hentry"],"_links":{"self":[{"href":"https:\/\/gonzalochillida.com\/es\/wp-json\/wp\/v2\/pages\/12","targetHints":{"allow":["GET"]}}],"collection":[{"href":"https:\/\/gonzalochillida.com\/es\/wp-json\/wp\/v2\/pages"}],"about":[{"href":"https:\/\/gonzalochillida.com\/es\/wp-json\/wp\/v2\/types\/page"}],"author":[{"embeddable":true,"href":"https:\/\/gonzalochillida.com\/es\/wp-json\/wp\/v2\/users\/1"}],"replies":[{"embeddable":true,"href":"https:\/\/gonzalochillida.com\/es\/wp-json\/wp\/v2\/comments?post=12"}],"version-history":[{"count":49,"href":"https:\/\/gonzalochillida.com\/es\/wp-json\/wp\/v2\/pages\/12\/revisions"}],"predecessor-version":[{"id":4876,"href":"https:\/\/gonzalochillida.com\/es\/wp-json\/wp\/v2\/pages\/12\/revisions\/4876"}],"wp:attachment":[{"href":"https:\/\/gonzalochillida.com\/es\/wp-json\/wp\/v2\/media?parent=12"}],"curies":[{"name":"wp","href":"https:\/\/api.w.org\/{rel}","templated":true}]}}