{"id":10,"date":"2020-04-09T21:09:06","date_gmt":"2020-04-09T21:09:06","guid":{"rendered":"https:\/\/www.gonzalochillida.com\/?page_id=10"},"modified":"2020-04-10T14:05:48","modified_gmt":"2020-04-10T14:05:48","slug":"biografia","status":"publish","type":"page","link":"https:\/\/gonzalochillida.com\/es\/biografia\/","title":{"rendered":"Biograf\u00eda"},"content":{"rendered":"<p>Gonzalo Chillida nace en San Sebasti\u00e1n el 12 de Enero de 1926. Interesado desde muy joven por la pintura, ingresa en 1947 en la Academia de Bellas Artes de San Fernando de Madrid y frecuenta las clases de dibujo del C\u00edrculo de Bellas Artes. En 1951 viaja a Paris para ampliar sus estudios y permanece en la capital francesa hasta 1953. Durante estos primeros a\u00f1os realiza una pintura realista, influida por las formas geom\u00e9tricas y definidas del cubismo y de la pintura metaf\u00edsica.<\/p>\n<p>Es a finales de los a\u00f1os 50 y principio de los 60 cuando comienza a definirse su personal estilo pict\u00f3rico que va evolucionando hacia la abstracci\u00f3n, siempre partiendo de un motivo real como son el mar y las playas frente a los que vive en San Sebasti\u00e1n, los paisajes de la monta\u00f1a vasca o las vistas de la meseta castellana. Desde estos a\u00f1os hasta su fallecimiento en 2008, su pintura ir\u00e1 progresando hacia formas m\u00e1s desdibujadas, hacia composiciones cada vez m\u00e1s esenciales y libres, logradas mediante sutiles pinceladas de color al \u00f3leo.<\/p>\n<p>Su obra, mostrada a lo largo de los a\u00f1os en exposiciones individuales y colectivas nacionales y extranjeras y representada en museos y colecciones p\u00fablicas y privadas, fue reconocida en el a\u00f1o 2001 con la concesi\u00f3n de la Medalla de Oro de las Bellas Artes.<\/p>\n","protected":false},"excerpt":{"rendered":"<p>Gonzalo Chillida nace en San Sebasti\u00e1n el 12 de Enero de 1926. Interesado desde muy joven por la pintura, ingresa en 1947 en la Academia de Bellas Artes de San Fernando de Madrid y frecuenta las clases de dibujo del C\u00edrculo de Bellas Artes. En 1951 viaja a Paris para ampliar sus estudios y permanece [&hellip;]<\/p>\n","protected":false},"author":1,"featured_media":79,"parent":0,"menu_order":38,"comment_status":"closed","ping_status":"closed","template":"","meta":{"_monsterinsights_skip_tracking":false,"_monsterinsights_sitenote_active":false,"_monsterinsights_sitenote_note":"","_monsterinsights_sitenote_category":0,"footnotes":""},"class_list":["post-10","page","type-page","status-publish","has-post-thumbnail","hentry"],"_links":{"self":[{"href":"https:\/\/gonzalochillida.com\/es\/wp-json\/wp\/v2\/pages\/10","targetHints":{"allow":["GET"]}}],"collection":[{"href":"https:\/\/gonzalochillida.com\/es\/wp-json\/wp\/v2\/pages"}],"about":[{"href":"https:\/\/gonzalochillida.com\/es\/wp-json\/wp\/v2\/types\/page"}],"author":[{"embeddable":true,"href":"https:\/\/gonzalochillida.com\/es\/wp-json\/wp\/v2\/users\/1"}],"replies":[{"embeddable":true,"href":"https:\/\/gonzalochillida.com\/es\/wp-json\/wp\/v2\/comments?post=10"}],"version-history":[{"count":2,"href":"https:\/\/gonzalochillida.com\/es\/wp-json\/wp\/v2\/pages\/10\/revisions"}],"predecessor-version":[{"id":78,"href":"https:\/\/gonzalochillida.com\/es\/wp-json\/wp\/v2\/pages\/10\/revisions\/78"}],"wp:featuredmedia":[{"embeddable":true,"href":"https:\/\/gonzalochillida.com\/es\/wp-json\/wp\/v2\/media\/79"}],"wp:attachment":[{"href":"https:\/\/gonzalochillida.com\/es\/wp-json\/wp\/v2\/media?parent=10"}],"curies":[{"name":"wp","href":"https:\/\/api.w.org\/{rel}","templated":true}]}}