{"id":2978,"date":"2020-04-10T14:01:51","date_gmt":"2020-04-10T14:01:51","guid":{"rendered":"https:\/\/www.gonzalochillida.com\/biography\/exposiciones-individuales\/"},"modified":"2025-05-06T12:04:25","modified_gmt":"2025-05-06T12:04:25","slug":"solo-exhibitions","status":"publish","type":"page","link":"https:\/\/gonzalochillida.com\/en\/biography\/solo-exhibitions\/","title":{"rendered":"Solo exhibitions"},"content":{"rendered":"<table class=\"fechas\">\n<tbody>\n<tr>\n<td>2022<\/td>\n<td><em>Gonzalo Chillida<\/em>, Instituto Cervantes Tokyo. 29 November 2022-28 February 2023.<br \/>\n<em>Gonzalo Chillida<\/em>, Instituto Cervantes Rome. 19 March-09 June 2022. <\/td>\n<\/tr>\n<tr>\n<td>2021<\/td>\n<td><em>Gonzalo Chillida, <\/em>Instituto Cervantes Paris. 09 November 2021-28 February 2022. <em><br \/>\n<\/em>Solo exhibition. Galer\u00eda Jos\u00e9 de la Mano, Madrid. 29 Feria Internacional de Arte<br \/>\nContempor\u00e1neo. Santander, July 24-28.<br \/>Ver [Gonzalo Chillida en los cincuenta] y no dejarse ver. Galer\u00eda Jos\u00e9 de la Mano,<br \/>Madrid. April 22-June 5.     <\/td>\n<\/tr>\n<tr>\n<td>2017<\/td>\n<td><em>Gonzalo Chillida, <\/em>MIAC, Lanzarote.<\/td>\n<\/tr>\n<tr>\n<td>2016<\/td>\n<td><em>Gonzalo Chillida, <\/em>Sala Kubo Kutxa Aretoa, Donostia-San Sebasti\u00e1n.<\/td>\n<\/tr>\n<tr>\n<td>2014<\/td>\n<td><em>Gonzalo Chillida \u2013 Photography<\/em>, Cay\u00f3n Gallery, Madrid<\/td>\n<\/tr>\n<tr>\n<td>2013<\/td>\n<td>Sala Ganbara, Koldo Mitxelena Kulturunea-KM, Donostia-San Sebasti\u00e1n.<\/td>\n<\/tr>\n<tr>\n<td>2009<\/td>\n<td>Ekain Gallery. Graphic Work, Donostia-San Sebasti\u00e1n. <\/td>\n<\/tr>\n<tr>\n<td>1997<\/td>\n<td>DV Gallery, Donostia-San Sebasti\u00e1n.<\/td>\n<\/tr>\n<tr>\n<td>1996<\/td>\n<td>Cynthia Bourne Gallery, London.<\/td>\n<\/tr>\n<tr>\n<td>1994<\/td>\n<td>Elvira Gonz\u00e1lez Gallery, Madrid.<\/td>\n<\/tr>\n<tr>\n<td>1993<\/td>\n<td>L. Ugarabe Gallery, Vitoria-Gasteiz.<\/td>\n<\/tr>\n<tr>\n<td>1992<\/td>\n<td>Altxerri Gallery, Donostia-San Sebasti\u00e1n.<\/td>\n<\/tr>\n<tr>\n<td>1991<\/td>\n<td>SEN Gallery, Madrid.<\/td>\n<\/tr>\n<tr>\n<td>1990<\/td>\n<td>Museum of Fine Arts, Bilbao.<br \/>\nFerm\u00edn Echauri Gallery, Pamplona.<\/td>\n<\/tr>\n<tr>\n<td>1981<\/td>\n<td><em>Arteder\u201381<\/em> Contemporary Art Fair, Bilbao. Artist presented by the Theo Gallery in Madrid. <\/td>\n<\/tr>\n<tr>\n<td>1980<\/td>\n<td>Parke 15 Gallery, Pamplona.<br \/>\nAlgae Gallery, Donostia-San Sebasti\u00e1n.<\/td>\n<\/tr>\n<tr>\n<td>1979<\/td>\n<td>Theo Gallery, Madrid.<br \/>\nEderti Gallery, Bilbao.<\/td>\n<\/tr>\n<tr>\n<td>1974<\/td>\n<td>El Pez Gallery, Donostia-San Sebasti\u00e1n.<\/td>\n<\/tr>\n<tr>\n<td>1971<\/td>\n<td>Ikuska Gallery, Donostia-San Sebasti\u00e1n.<\/td>\n<\/tr>\n<tr>\n<td>1970<\/td>\n<td>SEN Gallery presents <em>The Book of the New Sea<\/em>, by Juan Ram\u00f3n Jim\u00e9nez, illustrated with eleven lithographs by Gonzalo Chillida, presented by Juli\u00e1n Mar\u00edas and edited by Rafael D\u00edaz Casariego, with a preface by Rafael P\u00e9rez Delgado, Madrid.<\/td>\n<\/tr>\n<tr>\n<td>1967<\/td>\n<td>SEN Gallery, Madrid.<\/td>\n<\/tr>\n<tr>\n<td>1965<\/td>\n<td>Juana Mord\u00f3 Gallery, Madrid.<br \/>\nGris Gallery, Bilbao.<\/td>\n<\/tr>\n<tr>\n<td>1962<\/td>\n<td>Exhibition Hall of the City Council of Donostia-San Sebasti\u00e1n. <\/td>\n<\/tr>\n<\/tbody>\n<\/table>\n","protected":false},"excerpt":{"rendered":"<p>2022 Gonzalo Chillida, Instituto Cervantes Tokyo. 29 November 2022-28 February 2023. Gonzalo Chillida, Instituto Cervantes Rome. 19 March-09 June 2022. 2021 Gonzalo Chillida, Instituto Cervantes Paris. 09 November 2021-28 February 2022. Solo exhibition. Galer\u00eda Jos\u00e9 de la Mano, Madrid. 29 Feria Internacional de Arte Contempor\u00e1neo. Santander, July 24-28.Ver [Gonzalo Chillida en los cincuenta] y no [&hellip;]<\/p>\n","protected":false},"author":1,"featured_media":2605,"parent":2962,"menu_order":40,"comment_status":"closed","ping_status":"closed","template":"","meta":{"_monsterinsights_skip_tracking":false,"_monsterinsights_sitenote_active":false,"_monsterinsights_sitenote_note":"","_monsterinsights_sitenote_category":0,"footnotes":""},"class_list":["post-2978","page","type-page","status-publish","has-post-thumbnail","hentry"],"_links":{"self":[{"href":"https:\/\/gonzalochillida.com\/en\/wp-json\/wp\/v2\/pages\/2978","targetHints":{"allow":["GET"]}}],"collection":[{"href":"https:\/\/gonzalochillida.com\/en\/wp-json\/wp\/v2\/pages"}],"about":[{"href":"https:\/\/gonzalochillida.com\/en\/wp-json\/wp\/v2\/types\/page"}],"author":[{"embeddable":true,"href":"https:\/\/gonzalochillida.com\/en\/wp-json\/wp\/v2\/users\/1"}],"replies":[{"embeddable":true,"href":"https:\/\/gonzalochillida.com\/en\/wp-json\/wp\/v2\/comments?post=2978"}],"version-history":[{"count":25,"href":"https:\/\/gonzalochillida.com\/en\/wp-json\/wp\/v2\/pages\/2978\/revisions"}],"predecessor-version":[{"id":4939,"href":"https:\/\/gonzalochillida.com\/en\/wp-json\/wp\/v2\/pages\/2978\/revisions\/4939"}],"up":[{"embeddable":true,"href":"https:\/\/gonzalochillida.com\/en\/wp-json\/wp\/v2\/pages\/2962"}],"wp:featuredmedia":[{"embeddable":true,"href":"https:\/\/gonzalochillida.com\/en\/wp-json\/wp\/v2\/media\/2605"}],"wp:attachment":[{"href":"https:\/\/gonzalochillida.com\/en\/wp-json\/wp\/v2\/media?parent=2978"}],"curies":[{"name":"wp","href":"https:\/\/api.w.org\/{rel}","templated":true}]}}