{"id":2578,"date":"2020-04-09T21:09:15","date_gmt":"2020-04-09T21:09:15","guid":{"rendered":"https:\/\/www.gonzalochillida.com\/textos\/"},"modified":"2022-12-14T14:09:28","modified_gmt":"2022-12-14T14:09:28","slug":"essays","status":"publish","type":"page","link":"https:\/\/gonzalochillida.com\/en\/essays\/","title":{"rendered":"Essays"},"content":{"rendered":"<p><a href=\"https:\/\/www.gonzalochillida.com\/en\/texts\/gonzalo-chillidas-painting\/\">GONZALO CHILLIDA&#8217;S PAINTING,<\/a> Gabriel Celaya. <em>Gonzalo Chillida, <\/em>Exhib. Catal., Galer\u00eda Theo, Madrid, 1979.<\/p>\n<p><a href=\"https:\/\/www.gonzalochillida.com\/en\/texts\/painting-at-the-shoreline\/\">PAINTING AT THE SHORELINE<\/a>, Francisco Calvo Serraller. <em>Gonzalo Chillida. Arenas,<\/em> Exhib. Catal., Museo de Bellas Artes de Bilbao, 1990.<\/p>\n<p><a href=\"https:\/\/www.gonzalochillida.com\/en\/texts\/the-sea-of-gonzalo-chillida\/\">THE SEA OF GONZALO CHILLIDA<\/a>, Antonio Saura. <em>Gonzalo Chillida,<\/em> Exhib. Catal., Galer\u00eda Elvira Gonz\u00e1lez, Madrid, 1994.<\/p>\n<p><a href=\"https:\/\/www.gonzalochillida.com\/en\/texts\/with-no-horizon\/\">WITH NO HORIZON<\/a>, Miguel Zugaza. <em>Gonzalo Chillida. Pintura\/Paintings,<\/em> Editing Alicia Chillida, Tf. Editores, Madrid, 2006.<\/p>\n<p><a href=\"https:\/\/www.gonzalochillida.com\/en\/texts\/poemas-escogidos\/\">POEMAS ESCOGIDOS<\/a> (non translated), Joaqu\u00edn Gurruchaga. <em>Gonzalo Chillida. Pintura\/Paintings,<\/em> Editing Alicia Chillida, Tf. Editores, Madrid, 2006.<\/p>\n<p><a href=\"https:\/\/www.gonzalochillida.com\/en\/texts\/in-the-intimacy-of-the-studio\/\">IN THE INTIMACY OF THE STUDIO<\/a>, Alicia \/ Javier Chillida. <em>Gonzalo Chillida,<\/em> Exhib. Catal., Editing Koldo Mitxelena Kulturunea \/ Gipuzkoako Foru Aldundia-Diputaci\u00f3n Foral de Gipuzkoa, Donostia-San Sebasti\u00e1n, 2013.<\/p>\n<p><a href=\"https:\/\/www.gonzalochillida.com\/en\/texts\/gonzalo-chillida-un-pintor-de-frontera\/\">GONZALO CHILLIDA, A FRONTIER PAINTER<\/a>, Mikel Lertxundi. <em>Gonzalo Chillida,<\/em> Exhib. Catal., Editing Koldo Mitxelena Kulturunea \/ Gipuzkoako Foru Aldundia-Diputaci\u00f3n Foral de Gipuzkoa, Donostia-San Sebasti\u00e1n, 2013.<\/p>\n<p><a href=\"https:\/\/www.gonzalochillida.com\/en\/texts\/bidaia-barea-viaje-silente\/\">BIDAIA BAREA \/ VIAJE SILENTE<\/a> (non translated), Miren Agur Meabe. <em>Gonzalo Chillida<\/em>. Exhib. Catal., Editing Koldo Mitxelena Kulturunea \/ Gipuzkoako Foru Aldundia-Diputaci\u00f3n Foral de Gipuzkoa, Donostia-San Sebasti\u00e1n, 2013.<\/p>\n<p><a href=\"https:\/\/www.gonzalochillida.com\/en\/texts\/egunsentian-at-dawn\/\">EGUNSENTIAN (AT DAWN)<\/a>, Jose Angel Irigaray. <em>Gonzalo Chillida, <\/em>Exhib. Catal., Editing Kutxa Fundazioa, Donostia-San Sebasti\u00e1n, 2016.<\/p>\n<p><a href=\"https:\/\/www.gonzalochillida.com\/en\/texts\/spaces-for-reflection\/\">SPACES FOR REFLECTION<\/a>, Mikel Lertxundi Galiana. <em>Gonzalo Chillida, <\/em>Exhib. Catal., Editing Kutxa Fundazioa, Donostia-San Sebasti\u00e1n, 2016.<\/p>\n<p><a href=\"https:\/\/www.gonzalochillida.com\/en\/texts\/mountains-and-waters\/\">MOUNTAINS AND WATERS<\/a>, Horacio Fern\u00e1ndez. <em>Gonzalo Chillida,<\/em> Exhib. Catal., Editing Kutxa Fundazioa, Donostia-San Sebasti\u00e1n, 2016.<\/p>\n<p><a href=\"https:\/\/www.gonzalochillida.com\/en\/the-idea-of-north\/\">THE IDEA OF NORTH<\/a>, Alicia Chillida and Benito Mac\u00edas Cant\u00f3n. <em>Gonzalo Chillida, <\/em>Exhib. Catal., Editing Kutxa Fundazioa, Donostia-San Sebasti\u00e1n, 2016.<\/p>\n<p><a href=\"https:\/\/www.gonzalochillida.com\/wp-content\/uploads\/2021\/06\/Catalogo-Gonzalo-Chillida-1.pdf\">VER [GONZALO CHILLIDA EN LOS CINCUENTA<span class=\"\">]<\/span>\u00a0Y NO DEJARSE VER<\/a>, (non translated), Alfonso de la Torre. Exhib. Catal., Editing Galer\u00eda Jos\u00e9 de la Mano, Madrid, 2021.<\/p>\n<p><a href=\"https:\/\/www.gonzalochillida.com\/wp-content\/uploads\/2021\/11\/Catalogo-Gonzalo-Chillida.pdf\">GONZALO CHILLIDA,<\/a> Francisco Calvo Serraller, Gabriel Celaya, Alicia Chillida, Luis Garc\u00eda Montero, Jos\u00e9 \u00c1ngel Irigaray, Irene Larraza Aizpurua, Antonio Saura, Jos\u00e9 Andr\u00e9s Torres Mora, Miguel Zugaza. Exhib. Catal. Designed by Ena Cardenal de la Nuez. Editing Instituto Cervantes, Acci\u00f3n Cultural Espa\u00f1ola AC\/E, Bilboko Arte Ederren Museoa-Museo de Bellas Artes de Bilbao, Instituto Vasco Etxepare Institutua, 2021.<br \/>\n<img loading=\"lazy\" decoding=\"async\" class=\"img-fluid alignnone wp-image-4874 size-full\" src=\"https:\/\/gonzalochillida.com\/wp-content\/uploads\/2022\/12\/portadas-librosB-2048x598-1-1600x383-1.png\" alt=\"\" width=\"1599\" height=\"701\" srcset=\"https:\/\/gonzalochillida.com\/wp-content\/uploads\/2022\/12\/portadas-librosB-2048x598-1-1600x383-1.png 1599w, https:\/\/gonzalochillida.com\/wp-content\/uploads\/2022\/12\/portadas-librosB-2048x598-1-1600x383-1-1000x438.png 1000w, https:\/\/gonzalochillida.com\/wp-content\/uploads\/2022\/12\/portadas-librosB-2048x598-1-1600x383-1-768x337.png 768w, https:\/\/gonzalochillida.com\/wp-content\/uploads\/2022\/12\/portadas-librosB-2048x598-1-1600x383-1-1536x673.png 1536w, https:\/\/gonzalochillida.com\/wp-content\/uploads\/2022\/12\/portadas-librosB-2048x598-1-1600x383-1-1425x625.png 1425w\" sizes=\"auto, (max-width: 1599px) 100vw, 1599px\" \/><\/p>\n","protected":false},"excerpt":{"rendered":"<p>GONZALO CHILLIDA&#8217;S PAINTING, Gabriel Celaya. Gonzalo Chillida, Exhib. Catal., Galer\u00eda Theo, Madrid, 1979. PAINTING AT THE SHORELINE, Francisco Calvo Serraller. Gonzalo Chillida. Arenas, Exhib. Catal., Museo de Bellas Artes de Bilbao, 1990. THE SEA OF GONZALO CHILLIDA, Antonio Saura. Gonzalo Chillida, Exhib. Catal., Galer\u00eda Elvira Gonz\u00e1lez, Madrid, 1994. WITH NO HORIZON, Miguel Zugaza. Gonzalo Chillida. [&hellip;]<\/p>\n","protected":false},"author":1,"featured_media":0,"parent":0,"menu_order":2,"comment_status":"closed","ping_status":"closed","template":"","meta":{"_monsterinsights_skip_tracking":false,"_monsterinsights_sitenote_active":false,"_monsterinsights_sitenote_note":"","_monsterinsights_sitenote_category":0,"footnotes":""},"class_list":["post-2578","page","type-page","status-publish","hentry"],"_links":{"self":[{"href":"https:\/\/gonzalochillida.com\/en\/wp-json\/wp\/v2\/pages\/2578","targetHints":{"allow":["GET"]}}],"collection":[{"href":"https:\/\/gonzalochillida.com\/en\/wp-json\/wp\/v2\/pages"}],"about":[{"href":"https:\/\/gonzalochillida.com\/en\/wp-json\/wp\/v2\/types\/page"}],"author":[{"embeddable":true,"href":"https:\/\/gonzalochillida.com\/en\/wp-json\/wp\/v2\/users\/1"}],"replies":[{"embeddable":true,"href":"https:\/\/gonzalochillida.com\/en\/wp-json\/wp\/v2\/comments?post=2578"}],"version-history":[{"count":39,"href":"https:\/\/gonzalochillida.com\/en\/wp-json\/wp\/v2\/pages\/2578\/revisions"}],"predecessor-version":[{"id":4899,"href":"https:\/\/gonzalochillida.com\/en\/wp-json\/wp\/v2\/pages\/2578\/revisions\/4899"}],"wp:attachment":[{"href":"https:\/\/gonzalochillida.com\/en\/wp-json\/wp\/v2\/media?parent=2578"}],"curies":[{"name":"wp","href":"https:\/\/api.w.org\/{rel}","templated":true}]}}